{"id":1313,"date":"2023-03-29T21:07:54","date_gmt":"2023-03-29T21:07:54","guid":{"rendered":"https:\/\/bambo2.com\/?page_id=1313"},"modified":"2023-03-31T14:07:57","modified_gmt":"2023-03-31T14:07:57","slug":"productos","status":"publish","type":"page","link":"https:\/\/bambo2.com\/?page_id=1313","title":{"rendered":"Productos"},"content":{"rendered":"\t\t<div data-elementor-type=\"wp-page\" data-elementor-id=\"1313\" class=\"elementor elementor-1313\">\n\t\t\t\t\t\t<section class=\"elementor-section elementor-top-section elementor-element elementor-element-d91d5d0 elementor-section-height-min-height elementor-section-boxed elementor-section-height-default elementor-section-items-middle\" data-id=\"d91d5d0\" data-element_type=\"section\" data-settings=\"{&quot;background_background&quot;:&quot;classic&quot;}\">\n\t\t\t\t\t\t\t<div class=\"elementor-background-overlay\"><\/div>\n\t\t\t\t\t\t\t<div class=\"elementor-container elementor-column-gap-default\">\n\t\t\t\t\t<div class=\"elementor-column elementor-col-33 elementor-top-column elementor-element elementor-element-dea5cc3\" data-id=\"dea5cc3\" data-element_type=\"column\">\n\t\t\t<div class=\"elementor-widget-wrap elementor-element-populated\">\n\t\t\t\t\t\t<div class=\"elementor-element elementor-element-62eaf0b elementor-invisible elementor-widget elementor-widget-image\" data-id=\"62eaf0b\" data-element_type=\"widget\" data-settings=\"{&quot;_animation&quot;:&quot;fadeIn&quot;}\" data-widget_type=\"image.default\">\n\t\t\t\t<div class=\"elementor-widget-container\">\n\t\t\t<style>\/*! elementor - v3.23.0 - 05-08-2024 *\/\n.elementor-widget-image{text-align:center}.elementor-widget-image a{display:inline-block}.elementor-widget-image a img[src$=\".svg\"]{width:48px}.elementor-widget-image img{vertical-align:middle;display:inline-block}<\/style>\t\t\t\t\t\t\t<figure class=\"wp-caption\">\n\t\t\t\t\t\t\t\t\t\t<img fetchpriority=\"high\" decoding=\"async\" width=\"1024\" height=\"1024\" src=\"https:\/\/bambo2.com\/wp-content\/uploads\/2023\/03\/1-Current-View-web--1024x1024.png\" class=\"elementor-animation-bounce-in attachment-large size-large wp-image-1430\" alt=\"\" srcset=\"https:\/\/bambo2.com\/wp-content\/uploads\/2023\/03\/1-Current-View-web--1024x1024.png 1024w, https:\/\/bambo2.com\/wp-content\/uploads\/2023\/03\/1-Current-View-web--300x300.png 300w, https:\/\/bambo2.com\/wp-content\/uploads\/2023\/03\/1-Current-View-web--150x150.png 150w, https:\/\/bambo2.com\/wp-content\/uploads\/2023\/03\/1-Current-View-web--768x768.png 768w, https:\/\/bambo2.com\/wp-content\/uploads\/2023\/03\/1-Current-View-web--1536x1536.png 1536w, https:\/\/bambo2.com\/wp-content\/uploads\/2023\/03\/1-Current-View-web--2048x2048.png 2048w, https:\/\/bambo2.com\/wp-content\/uploads\/2023\/03\/1-Current-View-web--600x600.png 600w, https:\/\/bambo2.com\/wp-content\/uploads\/2023\/03\/1-Current-View-web--100x100.png 100w\" sizes=\"(max-width: 1024px) 100vw, 1024px\" \/>\t\t\t\t\t\t\t\t\t\t\t<figcaption class=\"widget-image-caption wp-caption-text\"><\/figcaption>\n\t\t\t\t\t\t\t\t\t\t<\/figure>\n\t\t\t\t\t\t\t<\/div>\n\t\t\t\t<\/div>\n\t\t\t\t\t<\/div>\n\t\t<\/div>\n\t\t\t\t<div class=\"elementor-column elementor-col-33 elementor-top-column elementor-element elementor-element-893ca8c\" data-id=\"893ca8c\" data-element_type=\"column\">\n\t\t\t<div class=\"elementor-widget-wrap elementor-element-populated\">\n\t\t\t\t\t\t<div class=\"elementor-element elementor-element-bcb4eb3 elementor-invisible elementor-widget elementor-widget-image\" data-id=\"bcb4eb3\" data-element_type=\"widget\" data-settings=\"{&quot;_animation&quot;:&quot;fadeIn&quot;}\" data-widget_type=\"image.default\">\n\t\t\t\t<div class=\"elementor-widget-container\">\n\t\t\t\t\t\t\t\t\t\t<figure class=\"wp-caption\">\n\t\t\t\t\t\t\t\t\t\t\t<a href=\"https:\/\/www.amazon.es\/hz\/mobile\/mission?p=ZYK%2BHOw5yOamlHxIrxhncgogu62A1i5Nm0gRXB8sQsrg8IAiCWgwifdGV3pGHqMzhn%2FHI5s9AFdaWiRyd2VXEzRBZ0XRAH1VtlGsiUY5mEPDYYLOD7NXaYIz2O57hDZUZ%2BPIA2p4adYA8uh3gMqpOkCqHQ8FcQW1F1XX%2F82Mto8To0FlI1tWTVDCs09INLlov60Zxgq1caLM%2FyqOiTSUaMnnqueg%2FZS6a8olDfOEiANuTmIu%2BsQxq5Lu02FRl6EPuc1N7j8ZH0Qdq%2FHLSHWvXYYfW2oNRtzB1AMUyIpl%2BeH%2FJpC0nt%2FRrh0g4%2B61KGx%2BFvjJHAU9tlYkU%2Ba6mKc8JimW9%2BceYm4vyl8pq4Ow6tMqn9%2B1oRsOonpNKZej%2FbWDl7HIHOjjfm02ZbSXmgr3kBzLVZxU2kLl&#038;ref_=ci_mcx_mi&#038;pf_rd_r=GRERWYBXEAADM5YF04WJ&#038;pf_rd_p=934b1c59-c3ea-4a16-a1dd-353d335c3707&#038;pd_rd_r=44c687c5-d816-4c94-b595-43602d9a00f3&#038;pd_rd_w=T0bkI&#038;pd_rd_wg=lj4QI\">\n\t\t\t\t\t\t\t<img decoding=\"async\" width=\"1024\" height=\"1024\" src=\"https:\/\/bambo2.com\/wp-content\/uploads\/2023\/03\/Opened-and-closed-view2-Current-View-1024x1024.png\" class=\"elementor-animation-bounce-in attachment-large size-large wp-image-714\" alt=\"\" srcset=\"https:\/\/bambo2.com\/wp-content\/uploads\/2023\/03\/Opened-and-closed-view2-Current-View-1024x1024.png 1024w, https:\/\/bambo2.com\/wp-content\/uploads\/2023\/03\/Opened-and-closed-view2-Current-View-300x300.png 300w, https:\/\/bambo2.com\/wp-content\/uploads\/2023\/03\/Opened-and-closed-view2-Current-View-100x100.png 100w, https:\/\/bambo2.com\/wp-content\/uploads\/2023\/03\/Opened-and-closed-view2-Current-View-600x600.png 600w, https:\/\/bambo2.com\/wp-content\/uploads\/2023\/03\/Opened-and-closed-view2-Current-View-150x150.png 150w, https:\/\/bambo2.com\/wp-content\/uploads\/2023\/03\/Opened-and-closed-view2-Current-View-768x768.png 768w, https:\/\/bambo2.com\/wp-content\/uploads\/2023\/03\/Opened-and-closed-view2-Current-View-1536x1536.png 1536w, https:\/\/bambo2.com\/wp-content\/uploads\/2023\/03\/Opened-and-closed-view2-Current-View-2048x2048.png 2048w\" sizes=\"(max-width: 1024px) 100vw, 1024px\" \/>\t\t\t\t\t\t\t\t<\/a>\n\t\t\t\t\t\t\t\t\t\t\t<figcaption class=\"widget-image-caption wp-caption-text\"><\/figcaption>\n\t\t\t\t\t\t\t\t\t\t<\/figure>\n\t\t\t\t\t\t\t<\/div>\n\t\t\t\t<\/div>\n\t\t\t\t\t<\/div>\n\t\t<\/div>\n\t\t\t\t<div class=\"elementor-column elementor-col-33 elementor-top-column elementor-element elementor-element-981fd88\" data-id=\"981fd88\" data-element_type=\"column\">\n\t\t\t<div class=\"elementor-widget-wrap elementor-element-populated\">\n\t\t\t\t\t\t<div class=\"elementor-element elementor-element-cdc0198 elementor-invisible elementor-widget elementor-widget-image\" data-id=\"cdc0198\" data-element_type=\"widget\" data-settings=\"{&quot;_animation&quot;:&quot;zoomIn&quot;}\" data-widget_type=\"image.default\">\n\t\t\t\t<div class=\"elementor-widget-container\">\n\t\t\t\t\t\t\t\t\t\t\t\t\t<img decoding=\"async\" width=\"1024\" height=\"1024\" src=\"https:\/\/bambo2.com\/wp-content\/uploads\/2023\/03\/SIZE-1024x1024.jpg\" class=\"elementor-animation-bounce-in attachment-large size-large wp-image-1331\" alt=\"\" srcset=\"https:\/\/bambo2.com\/wp-content\/uploads\/2023\/03\/SIZE-1024x1024.jpg 1024w, https:\/\/bambo2.com\/wp-content\/uploads\/2023\/03\/SIZE-300x300.jpg 300w, https:\/\/bambo2.com\/wp-content\/uploads\/2023\/03\/SIZE-scaled-100x100.jpg 100w, https:\/\/bambo2.com\/wp-content\/uploads\/2023\/03\/SIZE-scaled-600x600.jpg 600w, https:\/\/bambo2.com\/wp-content\/uploads\/2023\/03\/SIZE-150x150.jpg 150w, https:\/\/bambo2.com\/wp-content\/uploads\/2023\/03\/SIZE-768x768.jpg 768w, https:\/\/bambo2.com\/wp-content\/uploads\/2023\/03\/SIZE-1536x1536.jpg 1536w, https:\/\/bambo2.com\/wp-content\/uploads\/2023\/03\/SIZE-2048x2048.jpg 2048w\" sizes=\"(max-width: 1024px) 100vw, 1024px\" \/>\t\t\t\t\t\t\t\t\t\t\t\t\t<\/div>\n\t\t\t\t<\/div>\n\t\t\t\t\t<\/div>\n\t\t<\/div>\n\t\t\t\t\t<\/div>\n\t\t<\/section>\n\t\t\t\t<section class=\"elementor-section elementor-top-section elementor-element elementor-element-a776ea7 elementor-section-content-middle elementor-section-height-min-height elementor-section-boxed elementor-section-height-default elementor-section-items-middle\" data-id=\"a776ea7\" data-element_type=\"section\" data-settings=\"{&quot;background_background&quot;:&quot;classic&quot;}\">\n\t\t\t\t\t\t\t<div class=\"elementor-background-overlay\"><\/div>\n\t\t\t\t\t\t\t<div class=\"elementor-container elementor-column-gap-no\">\n\t\t\t\t\t<div class=\"elementor-column elementor-col-100 elementor-top-column elementor-element elementor-element-6433446\" data-id=\"6433446\" data-element_type=\"column\">\n\t\t\t<div class=\"elementor-widget-wrap elementor-element-populated\">\n\t\t\t\t\t\t<div class=\"elementor-element elementor-element-fd35c9d elementor-widget elementor-widget-text-editor\" data-id=\"fd35c9d\" data-element_type=\"widget\" data-widget_type=\"text-editor.default\">\n\t\t\t\t<div class=\"elementor-widget-container\">\n\t\t\t<style>\/*! elementor - v3.23.0 - 05-08-2024 *\/\n.elementor-widget-text-editor.elementor-drop-cap-view-stacked .elementor-drop-cap{background-color:#69727d;color:#fff}.elementor-widget-text-editor.elementor-drop-cap-view-framed .elementor-drop-cap{color:#69727d;border:3px solid;background-color:transparent}.elementor-widget-text-editor:not(.elementor-drop-cap-view-default) .elementor-drop-cap{margin-top:8px}.elementor-widget-text-editor:not(.elementor-drop-cap-view-default) .elementor-drop-cap-letter{width:1em;height:1em}.elementor-widget-text-editor .elementor-drop-cap{float:left;text-align:center;line-height:1;font-size:50px}.elementor-widget-text-editor .elementor-drop-cap-letter{display:inline-block}<\/style>\t\t\t\t<p style=\"text-align: center;\"><span style=\"color: #ffffff;\">Nuestros\u00a0 cubiertos de bamb\u00fa son la opci\u00f3n perfecta para completar tu juego de vajilla de camping, para llevar al trabajo, cumplea\u00f1os o para cualquier evento. Adem\u00e1s de ser resitentes, con un tama\u00f1o standard de 17 cm, son 100% Bio degradables y Compostables, le dan un toque elegante a cualquier barbacoa, fiesta de cumplea\u00f1os o picnic. Desechables &amp; compostables o lavables &amp; reutilizables. Sorprender\u00e1s a tu familia y amigos, mientras cuidas el planeta!<\/span><\/p>\t\t\t\t\t\t<\/div>\n\t\t\t\t<\/div>\n\t\t\t\t\t<\/div>\n\t\t<\/div>\n\t\t\t\t\t<\/div>\n\t\t<\/section>\n\t\t\t\t<section class=\"elementor-section elementor-top-section elementor-element elementor-element-448fa8b elementor-section-boxed elementor-section-height-default elementor-section-height-default\" data-id=\"448fa8b\" data-element_type=\"section\" data-settings=\"{&quot;background_background&quot;:&quot;classic&quot;}\">\n\t\t\t\t\t\t\t<div class=\"elementor-background-overlay\"><\/div>\n\t\t\t\t\t\t\t<div class=\"elementor-container elementor-column-gap-default\">\n\t\t\t\t\t<div class=\"elementor-column elementor-col-33 elementor-top-column elementor-element elementor-element-0d46cb3\" data-id=\"0d46cb3\" data-element_type=\"column\">\n\t\t\t<div class=\"elementor-widget-wrap elementor-element-populated\">\n\t\t\t\t\t\t<div class=\"elementor-element elementor-element-609858d elementor-widget elementor-widget-image\" data-id=\"609858d\" data-element_type=\"widget\" data-widget_type=\"image.default\">\n\t\t\t\t<div class=\"elementor-widget-container\">\n\t\t\t\t\t\t\t\t\t\t\t\t\t<img loading=\"lazy\" decoding=\"async\" width=\"300\" height=\"300\" src=\"https:\/\/bambo2.com\/wp-content\/uploads\/2023\/03\/43a254e8-f541-4c81-b2c3-822b0d21c214.__CR00800800_PT0_SX300_V1___-300x300.jpg\" class=\"attachment-medium size-medium wp-image-1330\" alt=\"\" srcset=\"https:\/\/bambo2.com\/wp-content\/uploads\/2023\/03\/43a254e8-f541-4c81-b2c3-822b0d21c214.__CR00800800_PT0_SX300_V1___.jpg 300w, https:\/\/bambo2.com\/wp-content\/uploads\/2023\/03\/43a254e8-f541-4c81-b2c3-822b0d21c214.__CR00800800_PT0_SX300_V1___-100x100.jpg 100w, https:\/\/bambo2.com\/wp-content\/uploads\/2023\/03\/43a254e8-f541-4c81-b2c3-822b0d21c214.__CR00800800_PT0_SX300_V1___-150x150.jpg 150w\" sizes=\"(max-width: 300px) 100vw, 300px\" \/>\t\t\t\t\t\t\t\t\t\t\t\t\t<\/div>\n\t\t\t\t<\/div>\n\t\t\t\t\t<\/div>\n\t\t<\/div>\n\t\t\t\t<div class=\"elementor-column elementor-col-33 elementor-top-column elementor-element elementor-element-7d91f8a\" data-id=\"7d91f8a\" data-element_type=\"column\">\n\t\t\t<div class=\"elementor-widget-wrap elementor-element-populated\">\n\t\t\t\t\t\t<div class=\"elementor-element elementor-element-f92e21b elementor-widget elementor-widget-image\" data-id=\"f92e21b\" data-element_type=\"widget\" data-widget_type=\"image.default\">\n\t\t\t\t<div class=\"elementor-widget-container\">\n\t\t\t\t\t\t\t\t\t\t\t\t\t<img loading=\"lazy\" decoding=\"async\" width=\"300\" height=\"300\" src=\"https:\/\/bambo2.com\/wp-content\/uploads\/2023\/03\/03ddc2c0-8192-4bbf-ae3a-73059280a2e7.__CR00800800_PT0_SX300_V1___-300x300.jpg\" class=\"attachment-medium size-medium wp-image-1329\" alt=\"\" srcset=\"https:\/\/bambo2.com\/wp-content\/uploads\/2023\/03\/03ddc2c0-8192-4bbf-ae3a-73059280a2e7.__CR00800800_PT0_SX300_V1___.jpg 300w, https:\/\/bambo2.com\/wp-content\/uploads\/2023\/03\/03ddc2c0-8192-4bbf-ae3a-73059280a2e7.__CR00800800_PT0_SX300_V1___-100x100.jpg 100w, https:\/\/bambo2.com\/wp-content\/uploads\/2023\/03\/03ddc2c0-8192-4bbf-ae3a-73059280a2e7.__CR00800800_PT0_SX300_V1___-150x150.jpg 150w\" sizes=\"(max-width: 300px) 100vw, 300px\" \/>\t\t\t\t\t\t\t\t\t\t\t\t\t<\/div>\n\t\t\t\t<\/div>\n\t\t\t\t\t<\/div>\n\t\t<\/div>\n\t\t\t\t<div class=\"elementor-column elementor-col-33 elementor-top-column elementor-element elementor-element-d804b5b\" data-id=\"d804b5b\" data-element_type=\"column\">\n\t\t\t<div class=\"elementor-widget-wrap elementor-element-populated\">\n\t\t\t\t\t\t<div class=\"elementor-element elementor-element-8191ec5 elementor-widget elementor-widget-image\" data-id=\"8191ec5\" data-element_type=\"widget\" data-widget_type=\"image.default\">\n\t\t\t\t<div class=\"elementor-widget-container\">\n\t\t\t\t\t\t\t\t\t\t\t\t\t<img loading=\"lazy\" decoding=\"async\" width=\"300\" height=\"300\" src=\"https:\/\/bambo2.com\/wp-content\/uploads\/2023\/03\/baec94f2-a3b9-4256-ae22-7c28dd3ddc66.__CR00800800_PT0_SX300_V1___.jpg\" class=\"attachment-medium_large size-medium_large wp-image-1328\" alt=\"\" srcset=\"https:\/\/bambo2.com\/wp-content\/uploads\/2023\/03\/baec94f2-a3b9-4256-ae22-7c28dd3ddc66.__CR00800800_PT0_SX300_V1___.jpg 300w, https:\/\/bambo2.com\/wp-content\/uploads\/2023\/03\/baec94f2-a3b9-4256-ae22-7c28dd3ddc66.__CR00800800_PT0_SX300_V1___-100x100.jpg 100w, https:\/\/bambo2.com\/wp-content\/uploads\/2023\/03\/baec94f2-a3b9-4256-ae22-7c28dd3ddc66.__CR00800800_PT0_SX300_V1___-150x150.jpg 150w\" sizes=\"(max-width: 300px) 100vw, 300px\" \/>\t\t\t\t\t\t\t\t\t\t\t\t\t<\/div>\n\t\t\t\t<\/div>\n\t\t\t\t\t<\/div>\n\t\t<\/div>\n\t\t\t\t\t<\/div>\n\t\t<\/section>\n\t\t\t\t<section class=\"elementor-section elementor-top-section elementor-element elementor-element-60f8163 elementor-section-boxed elementor-section-height-default elementor-section-height-default\" data-id=\"60f8163\" data-element_type=\"section\" data-settings=\"{&quot;background_background&quot;:&quot;classic&quot;}\">\n\t\t\t\t\t\t\t<div class=\"elementor-background-overlay\"><\/div>\n\t\t\t\t\t\t\t<div class=\"elementor-container elementor-column-gap-default\">\n\t\t\t\t\t<div class=\"elementor-column elementor-col-100 elementor-top-column elementor-element elementor-element-bdc7dac\" data-id=\"bdc7dac\" data-element_type=\"column\" data-settings=\"{&quot;background_background&quot;:&quot;classic&quot;}\">\n\t\t\t<div class=\"elementor-widget-wrap elementor-element-populated\">\n\t\t\t\t\t\t<div class=\"elementor-element elementor-element-b762a2c elementor-widget elementor-widget-text-editor\" data-id=\"b762a2c\" data-element_type=\"widget\" data-widget_type=\"text-editor.default\">\n\t\t\t\t<div class=\"elementor-widget-container\">\n\t\t\t\t\t\t\t<ul class=\"a-unordered-list a-vertical a-spacing-mini\"><li><span class=\"a-list-item\" style=\"color: #ffffff;\">\u00bfQU\u00c9 INCLUYE ESTE JUEGO DE CUBIERTOS 100% Natural de Bamb\u00fa?: Una cuberter\u00eda de 60 cuchillos + 60 tenedores de bamb\u00fa + 30 cucharas. Sin productos qu\u00edmicos, resistentes, y en un embalaje 100% libre de pl\u00e1stico. Este juego de cubiertos funciona perfecto para llevar a cualquier tipo de evento, perfectos para comida fr\u00eda o caliente, adem\u00e1s de ser ecol\u00f3gicos y elegantes.\u00a0\u00a0<\/span><\/li><li><span class=\"a-list-item\" style=\"color: #ffffff;\">SI CUIDAS DE TI, CUIDAS AL PLANETA: Est\u00e1n fabricados a partir de materiales 100% naturales, no contiene qu\u00edmicos ni pl\u00e1sticos y son aptos para uso alimentario. Opta por el bamb\u00fa, cuidar\u00e1s de tu familia y amigos a la vez que cuidas del planeta. Son ideales como cubiertos de viaje o para un juego de vajilla de camping \u00a1Ecol\u00f3gicos y pr\u00e1cticos!<\/span><\/li><li><span class=\"a-list-item\" style=\"color: #ffffff;\">M\u00c1S RESISTENTES &amp; REUTILIZABLES &amp; BIODEGRADABLES: No tengas dudas sobre su calidad o resistencia, este set de cubiertos es mucho m\u00e1s pr\u00e1ctico y c\u00f3modo que los cubiertos desechables de pl\u00e1stico y de madera, adem\u00e1s, as\u00ed no contribuimos a la basura marina. Apuesta por alternativas ecol\u00f3gicas, saludables y bonitas. \u00a1Est\u00e1 en nuestras manos!<\/span><\/li><\/ul>\t\t\t\t\t\t<\/div>\n\t\t\t\t<\/div>\n\t\t\t\t\t<\/div>\n\t\t<\/div>\n\t\t\t\t\t<\/div>\n\t\t<\/section>\n\t\t\t\t<\/div>\n\t\t","protected":false},"excerpt":{"rendered":"<p>Nuestros\u00a0 cubiertos de bamb\u00fa son la opci\u00f3n perfecta para completar tu juego de vajilla de camping, para llevar al trabajo, cumplea\u00f1os o para cualquier evento. Adem\u00e1s de ser resitentes, con un tama\u00f1o standard de 17 cm, son 100% Bio degradables y Compostables, le dan un toque elegante a cualquier barbacoa, fiesta de cumplea\u00f1os o picnic. [&hellip;]<\/p>\n","protected":false},"author":1,"featured_media":0,"parent":0,"menu_order":0,"comment_status":"closed","ping_status":"closed","template":"","meta":{"site-sidebar-layout":"no-sidebar","site-content-layout":"page-builder","ast-site-content-layout":"","site-content-style":"default","site-sidebar-style":"default","ast-global-header-display":"","ast-banner-title-visibility":"","ast-main-header-display":"","ast-hfb-above-header-display":"","ast-hfb-below-header-display":"","ast-hfb-mobile-header-display":"","site-post-title":"disabled","ast-breadcrumbs-content":"","ast-featured-img":"disabled","footer-sml-layout":"","theme-transparent-header-meta":"","adv-header-id-meta":"","stick-header-meta":"","header-above-stick-meta":"","header-main-stick-meta":"","header-below-stick-meta":"","astra-migrate-meta-layouts":"default","ast-page-background-enabled":"default","ast-page-background-meta":{"desktop":{"background-color":"","background-image":"","background-repeat":"repeat","background-position":"center center","background-size":"auto","background-attachment":"scroll","background-type":"","background-media":"","overlay-type":"","overlay-color":"","overlay-opacity":"","overlay-gradient":""},"tablet":{"background-color":"","background-image":"","background-repeat":"repeat","background-position":"center center","background-size":"auto","background-attachment":"scroll","background-type":"","background-media":"","overlay-type":"","overlay-color":"","overlay-opacity":"","overlay-gradient":""},"mobile":{"background-color":"","background-image":"","background-repeat":"repeat","background-position":"center center","background-size":"auto","background-attachment":"scroll","background-type":"","background-media":"","overlay-type":"","overlay-color":"","overlay-opacity":"","overlay-gradient":""}},"ast-content-background-meta":{"desktop":{"background-color":"var(--ast-global-color-5)","background-image":"","background-repeat":"repeat","background-position":"center center","background-size":"auto","background-attachment":"scroll","background-type":"","background-media":"","overlay-type":"","overlay-color":"","overlay-opacity":"","overlay-gradient":""},"tablet":{"background-color":"var(--ast-global-color-5)","background-image":"","background-repeat":"repeat","background-position":"center center","background-size":"auto","background-attachment":"scroll","background-type":"","background-media":"","overlay-type":"","overlay-color":"","overlay-opacity":"","overlay-gradient":""},"mobile":{"background-color":"var(--ast-global-color-5)","background-image":"","background-repeat":"repeat","background-position":"center center","background-size":"auto","background-attachment":"scroll","background-type":"","background-media":"","overlay-type":"","overlay-color":"","overlay-opacity":"","overlay-gradient":""}},"footnotes":""},"class_list":["post-1313","page","type-page","status-publish","hentry"],"jetpack_sharing_enabled":true,"_links":{"self":[{"href":"https:\/\/bambo2.com\/index.php?rest_route=\/wp\/v2\/pages\/1313","targetHints":{"allow":["GET"]}}],"collection":[{"href":"https:\/\/bambo2.com\/index.php?rest_route=\/wp\/v2\/pages"}],"about":[{"href":"https:\/\/bambo2.com\/index.php?rest_route=\/wp\/v2\/types\/page"}],"author":[{"embeddable":true,"href":"https:\/\/bambo2.com\/index.php?rest_route=\/wp\/v2\/users\/1"}],"replies":[{"embeddable":true,"href":"https:\/\/bambo2.com\/index.php?rest_route=%2Fwp%2Fv2%2Fcomments&post=1313"}],"version-history":[{"count":43,"href":"https:\/\/bambo2.com\/index.php?rest_route=\/wp\/v2\/pages\/1313\/revisions"}],"predecessor-version":[{"id":1514,"href":"https:\/\/bambo2.com\/index.php?rest_route=\/wp\/v2\/pages\/1313\/revisions\/1514"}],"wp:attachment":[{"href":"https:\/\/bambo2.com\/index.php?rest_route=%2Fwp%2Fv2%2Fmedia&parent=1313"}],"curies":[{"name":"wp","href":"https:\/\/api.w.org\/{rel}","templated":true}]}}